{"id":93,"date":"2024-03-20T10:07:28","date_gmt":"2024-03-20T09:07:28","guid":{"rendered":"https:\/\/13uvas.com\/?page_id=93"},"modified":"2025-03-11T10:37:43","modified_gmt":"2025-03-11T09:37:43","slug":"trece-uvas-vinateria-talavera-de-la-reina","status":"publish","type":"page","link":"https:\/\/13uvas.com\/en\/","title":{"rendered":"Inicio"},"content":{"rendered":"<p>En <em>Trece Uvas<\/em>, nuestra pasi\u00f3n por el vino va m\u00e1s all\u00e1 de una simple selecci\u00f3n de botellas. Es una dedicaci\u00f3n a la experiencia, a los matices y a los momentos que cada copa puede ofrecer. Nos encontramos en el coraz\u00f3n de Talavera de la Reina, una ciudad que, al igual que nuestros vinos, combina tradici\u00f3n y modernidad para brindar lo mejor a quienes saben disfrutar de la calidad. Desde nuestra fundaci\u00f3n, hemos estado comprometidos en ofrecer solo los mejores vinos a nuestros clientes, con una atenci\u00f3n cercana y personalizada que nos distingue.<\/p>\n\n\n\n<p class=\"has-medium-font-size\"><sub><strong>Conoce Trece Uvas<\/strong><\/sub><\/p>\n\n\n\n<p>Nuestra selecci\u00f3n abarca una amplia gama de vinos nacionales e internacionales, cada uno cuidadosamente elegido por su calidad, sabor y car\u00e1cter \u00fanico. Creemos firmemente en que el vino no es solo una bebida, sino una forma de conectar con los sentidos, de acompa\u00f1ar momentos especiales y de enriquecer cualquier ocasi\u00f3n. Por eso, trabajamos directamente con bodegas de renombre y peque\u00f1os productores que comparten nuestra pasi\u00f3n y filosof\u00eda. Cada botella que ofrecemos ha sido seleccionada con esmero, asegurando que refleje la diversidad y la riqueza de las mejores regiones vin\u00edcolas del mundo.<\/p>\n\n\n\n<p>Pero lo que realmente nos diferencia en <em>Trece Uvas<\/em> no es solo nuestra cuidada selecci\u00f3n de vinos. Nuestro compromiso con nuestros clientes es nuestra mayor fortaleza. Sabemos que cada persona que entra en nuestra tienda o visita nuestra web busca algo especial, y nuestro equipo est\u00e1 aqu\u00ed para hacer que esa b\u00fasqueda sea f\u00e1cil, agradable y memorable. Nos enorgullecemos de ofrecer una atenci\u00f3n personalizada, escuchando tus preferencias, tus dudas y tus necesidades, para poder recomendarte el vino perfecto para cada ocasi\u00f3n.<\/p>\n\n\n\n<p>Si est\u00e1s buscando un vino para una celebraci\u00f3n, una cena \u00edntima o simplemente para disfrutar en casa. En <em>Trece Uvas<\/em> te ayudaremos a encontrar el vino que mejor se ajuste a tu gusto y a tus expectativas. Adem\u00e1s, siempre estamos disponibles para asesorarte sobre maridajes, tendencias vin\u00edcolas. Nuevas incorporaciones a nuestra tienda, para que puedas descubrir nuevos sabores y experiencias con cada visita.<\/p>\n\n\n\n<p>Encu\u00e9ntranos en <a href=\"https:\/\/www.google.com\/search?q=trece+uvas+vinateria+&amp;sca_esv=4dbd1c17396be272&amp;sxsrf=ADLYWII0j4EdhUzYYKZN0qg79lyd3gNaPw%3A1728542692654&amp;ei=5HcHZ7_GJ4WD9u8P-Kid0As&amp;ved=0ahUKEwi_yLKpm4OJAxWFgf0HHXhUB7oQ4dUDCA8&amp;uact=5&amp;oq=trece+uvas+vinateria+&amp;gs_lp=Egxnd3Mtd2l6LXNlcnAiFXRyZWNlIHV2YXMgdmluYXRlcmlhIDIEECMYJzIIEAAYgAQYogQyCBAAGIAEGKIEMggQABiiBBiJBTIIEAAYgAQYogQyCBAAGKIEGIkFSPAFUL4EWL4EcAJ4AJABAJgBY6ABY6oBATG4AQPIAQD4AQGYAgOgAm7CAgsQABiABBiwAxiiBMICCxAAGLADGKIEGIkFmAMAiAYBkAYFkgcDMi4xoAesBQ&amp;sclient=gws-wiz-serp#vhid=\/g\/11y2r1h32x&amp;vssid=lcl\" target=\"_blank\" rel=\"noopener\">Talavera<\/a><\/p>\n\n\n\n<p><strong>Descubre el placer del buen vino, descubre <em><a href=\"https:\/\/13uvas.com\/en\/\">Trece Uvas<\/a><\/em> en Talavera de la Reina.<\/strong><\/p>","protected":false},"excerpt":{"rendered":"<p>En Trece Uvas, nuestra pasi\u00f3n por el vino va m\u00e1s all\u00e1 de una simple selecci\u00f3n de botellas. Es una dedicaci\u00f3n a la experiencia, a los matices y a los momentos que cada copa puede ofrecer. Nos encontramos en el coraz\u00f3n de Talavera de la Reina, una ciudad que, al igual que nuestros vinos, combina tradici\u00f3n [&hellip;]<\/p>\n","protected":false},"author":1,"featured_media":69,"parent":0,"menu_order":0,"comment_status":"closed","ping_status":"closed","template":"","meta":{"footnotes":""},"class_list":["post-93","page","type-page","status-publish","has-post-thumbnail","hentry"],"_links":{"self":[{"href":"https:\/\/13uvas.com\/en\/wp-json\/wp\/v2\/pages\/93","targetHints":{"allow":["GET"]}}],"collection":[{"href":"https:\/\/13uvas.com\/en\/wp-json\/wp\/v2\/pages"}],"about":[{"href":"https:\/\/13uvas.com\/en\/wp-json\/wp\/v2\/types\/page"}],"author":[{"embeddable":true,"href":"https:\/\/13uvas.com\/en\/wp-json\/wp\/v2\/users\/1"}],"replies":[{"embeddable":true,"href":"https:\/\/13uvas.com\/en\/wp-json\/wp\/v2\/comments?post=93"}],"version-history":[{"count":3,"href":"https:\/\/13uvas.com\/en\/wp-json\/wp\/v2\/pages\/93\/revisions"}],"predecessor-version":[{"id":314,"href":"https:\/\/13uvas.com\/en\/wp-json\/wp\/v2\/pages\/93\/revisions\/314"}],"wp:featuredmedia":[{"embeddable":true,"href":"https:\/\/13uvas.com\/en\/wp-json\/wp\/v2\/media\/69"}],"wp:attachment":[{"href":"https:\/\/13uvas.com\/en\/wp-json\/wp\/v2\/media?parent=93"}],"curies":[{"name":"wp","href":"https:\/\/api.w.org\/{rel}","templated":true}]}}